{"id":372,"date":"2021-04-01T14:00:18","date_gmt":"2021-04-01T14:00:18","guid":{"rendered":"https:\/\/www.technicoflor.fr\/plan-du-site\/"},"modified":"2021-04-27T14:25:26","modified_gmt":"2021-04-27T14:25:26","slug":"plan-du-site","status":"publish","type":"page","link":"https:\/\/www.technicoflor.fr\/en\/plan-du-site\/","title":{"rendered":"Sitemap"},"content":{"rendered":"\n<p><a href=\"https:\/\/technicoflor-2021.glasshouse.fr\/plan-du-site\/\"><div class=\"wsp-container\"><h2 class=\"wsp-pages-title\">Pages<\/h2>\n<ul class=\"wsp-pages-list\">\n<li class=\"page_item page-item-329\"><a href=\"https:\/\/www.technicoflor.fr\/en\/a-propos-nos-activites\/\">About Us &#8211; Our Activities<\/a><\/li>\n<li class=\"page_item page-item-323\"><a href=\"https:\/\/www.technicoflor.fr\/en\/a-propos-notre-adn\/\">About Us &#8211; Our DNA<\/a><\/li>\n<li class=\"page_item page-item-326\"><a href=\"https:\/\/www.technicoflor.fr\/en\/a-propos-notre-presence-geographique\/\">About Us &#8211; Our Main Locations<\/a><\/li>\n<li class=\"page_item page-item-333\"><a href=\"https:\/\/www.technicoflor.fr\/en\/a-propos-nos-sites-de-production\/\">About Us &#8211; Our Production Capacities<\/a><\/li>\n<li class=\"page_item page-item-334\"><a href=\"https:\/\/www.technicoflor.fr\/en\/a-propos-nos-fonctions-support\/\">About Us &#8211; Our Support Services<\/a><\/li>\n<li class=\"page_item page-item-320\"><a href=\"https:\/\/www.technicoflor.fr\/en\/a-propos-notre-groupe\/\">About Us &#8211; TechnicoFlor Group<\/a><\/li>\n<li class=\"page_item page-item-421\"><a href=\"https:\/\/www.technicoflor.fr\/en\/about-us-direction\/\">About us \u2013 Direction<\/a><\/li>\n<li class=\"page_item page-item-384\"><a href=\"https:\/\/www.technicoflor.fr\/en\/contact\/\">Contact<\/a><\/li>\n<li class=\"page_item page-item-364\"><a href=\"https:\/\/www.technicoflor.fr\/en\/notre-politique-rse-nos-actions\/\">CSR Policy &#8211; Our Actions<\/a><\/li>\n<li class=\"page_item page-item-363\"><a href=\"https:\/\/www.technicoflor.fr\/en\/notre-politique-rse-notre-demarche\/\">CSR Policy &#8211; Our Approach<\/a><\/li>\n<li class=\"page_item page-item-365\"><a href=\"https:\/\/www.technicoflor.fr\/en\/notre-politique-rse-nos-ambitions\/\">CSR Policy &#8211; Our Goals<\/a><\/li>\n<li class=\"page_item page-item-338\"><a href=\"https:\/\/www.technicoflor.fr\/en\/createurs-de-parfums-equipe-creative\/\">Fragrance Creation &#8211; Creative Team<\/a><\/li>\n<li class=\"page_item page-item-316\"><a href=\"https:\/\/www.technicoflor.fr\/en\/\">Homepage<\/a><\/li>\n<li class=\"page_item page-item-375\"><a href=\"https:\/\/www.technicoflor.fr\/en\/privacy-policy\/\">Legal Notices<\/a><\/li>\n<li class=\"page_item page-item-381\"><a href=\"https:\/\/www.technicoflor.fr\/en\/actualites-evenements-a-venir\/\">News &#8211; \u00c9v\u00e9nements \u00e0 venir<\/a><\/li>\n<li class=\"page_item page-item-382\"><a href=\"https:\/\/www.technicoflor.fr\/en\/actualites-instagram-linkedin\/\">News &#8211; Instagram &#8211; LinkedIn<\/a><\/li>\n<li class=\"page_item page-item-383\"><a href=\"https:\/\/www.technicoflor.fr\/en\/actualites-presse\/\">News \u2013 Presse<\/a><\/li>\n<li class=\"page_item page-item-1908\"><a href=\"https:\/\/www.technicoflor.fr\/en\/our-csr-report\/\">Our CSR report<\/a><\/li>\n<li class=\"page_item page-item-357\"><a href=\"https:\/\/www.technicoflor.fr\/en\/notre-eco-creativite-notre-expertise-en-formulation-naturelle-responsable\/\">Our Eco-Creativity &#8211; Our expertise in responsible natural ingredients\/compositions<\/a><\/li>\n<li class=\"page_item page-item-354\"><a href=\"https:\/\/www.technicoflor.fr\/en\/notre-eco-creativite-nos-gammes-de-parfums\/\">Our Eco-Creativity &#8211; Our Range<\/a><\/li>\n<li class=\"page_item page-item-1877\"><a href=\"https:\/\/www.technicoflor.fr\/en\/our-eco-socio-creation-tool\/\">Our eco-socio-creation tool<\/a><\/li>\n<li class=\"page_item page-item-372\"><a href=\"https:\/\/www.technicoflor.fr\/en\/plan-du-site\/\">Sitemap<\/a><\/li>\n<\/ul>\n<\/div><\/a><\/p>\n","protected":false},"excerpt":{"rendered":"","protected":false},"author":1,"featured_media":0,"parent":0,"menu_order":0,"comment_status":"closed","ping_status":"closed","template":"","meta":{"_acf_changed":false,"footnotes":""},"class_list":["post-372","page","type-page","status-publish","hentry"],"acf":[],"yoast_head":"<!-- This site is optimized with the Yoast SEO plugin v26.9 - https:\/\/yoast.com\/product\/yoast-seo-wordpress\/ -->\n<title>Sitemap - Technicoflor<\/title>\n<meta name=\"robots\" content=\"index, follow, max-snippet:-1, max-image-preview:large, max-video-preview:-1\" \/>\n<link rel=\"canonical\" href=\"https:\/\/www.technicoflor.fr\/en\/plan-du-site\/\" \/>\n<meta property=\"og:locale\" content=\"en_US\" \/>\n<meta property=\"og:type\" content=\"article\" \/>\n<meta property=\"og:title\" content=\"Sitemap - Technicoflor\" \/>\n<meta property=\"og:url\" content=\"https:\/\/www.technicoflor.fr\/en\/plan-du-site\/\" \/>\n<meta property=\"og:site_name\" content=\"Technicoflor\" \/>\n<meta property=\"article:modified_time\" content=\"2021-04-27T14:25:26+00:00\" \/>\n<meta name=\"twitter:card\" content=\"summary_large_image\" \/>\n<meta name=\"twitter:label1\" content=\"Est. reading time\" \/>\n\t<meta name=\"twitter:data1\" content=\"1 minute\" \/>\n<script type=\"application\/ld+json\" class=\"yoast-schema-graph\">{\"@context\":\"https:\/\/schema.org\",\"@graph\":[{\"@type\":\"WebPage\",\"@id\":\"https:\/\/www.technicoflor.fr\/en\/plan-du-site\/\",\"url\":\"https:\/\/www.technicoflor.fr\/en\/plan-du-site\/\",\"name\":\"Sitemap - Technicoflor\",\"isPartOf\":{\"@id\":\"https:\/\/www.technicoflor.fr\/#website\"},\"datePublished\":\"2021-04-01T14:00:18+00:00\",\"dateModified\":\"2021-04-27T14:25:26+00:00\",\"breadcrumb\":{\"@id\":\"https:\/\/www.technicoflor.fr\/en\/plan-du-site\/#breadcrumb\"},\"inLanguage\":\"en\",\"potentialAction\":[{\"@type\":\"ReadAction\",\"target\":[\"https:\/\/www.technicoflor.fr\/en\/plan-du-site\/\"]}]},{\"@type\":\"BreadcrumbList\",\"@id\":\"https:\/\/www.technicoflor.fr\/en\/plan-du-site\/#breadcrumb\",\"itemListElement\":[{\"@type\":\"ListItem\",\"position\":1,\"name\":\"Accueil\",\"item\":\"https:\/\/www.technicoflor.fr\/en\/\"},{\"@type\":\"ListItem\",\"position\":2,\"name\":\"Sitemap\"}]},{\"@type\":\"WebSite\",\"@id\":\"https:\/\/www.technicoflor.fr\/#website\",\"url\":\"https:\/\/www.technicoflor.fr\/\",\"name\":\"Technicoflor\",\"description\":\"Creating fragrances for our world\",\"publisher\":{\"@id\":\"https:\/\/www.technicoflor.fr\/#organization\"},\"potentialAction\":[{\"@type\":\"SearchAction\",\"target\":{\"@type\":\"EntryPoint\",\"urlTemplate\":\"https:\/\/www.technicoflor.fr\/?s={search_term_string}\"},\"query-input\":{\"@type\":\"PropertyValueSpecification\",\"valueRequired\":true,\"valueName\":\"search_term_string\"}}],\"inLanguage\":\"en\"},{\"@type\":\"Organization\",\"@id\":\"https:\/\/www.technicoflor.fr\/#organization\",\"name\":\"Technicoflor\",\"url\":\"https:\/\/www.technicoflor.fr\/\",\"logo\":{\"@type\":\"ImageObject\",\"inLanguage\":\"en\",\"@id\":\"https:\/\/www.technicoflor.fr\/#\/schema\/logo\/image\/\",\"url\":\"http:\/\/www.technicoflor.fr\/app\/uploads\/2021\/04\/tecff.png\",\"contentUrl\":\"http:\/\/www.technicoflor.fr\/app\/uploads\/2021\/04\/tecff.png\",\"width\":300,\"height\":100,\"caption\":\"Technicoflor\"},\"image\":{\"@id\":\"https:\/\/www.technicoflor.fr\/#\/schema\/logo\/image\/\"},\"sameAs\":[\"https:\/\/www.instagram.com\/technicoflor_fragrances\/\",\"https:\/\/www.linkedin.com\/company\/technicoflor-parfums\/\"]}]}<\/script>\n<!-- \/ Yoast SEO plugin. -->","yoast_head_json":{"title":"Sitemap - Technicoflor","robots":{"index":"index","follow":"follow","max-snippet":"max-snippet:-1","max-image-preview":"max-image-preview:large","max-video-preview":"max-video-preview:-1"},"canonical":"https:\/\/www.technicoflor.fr\/en\/plan-du-site\/","og_locale":"en_US","og_type":"article","og_title":"Sitemap - Technicoflor","og_url":"https:\/\/www.technicoflor.fr\/en\/plan-du-site\/","og_site_name":"Technicoflor","article_modified_time":"2021-04-27T14:25:26+00:00","twitter_card":"summary_large_image","twitter_misc":{"Est. reading time":"1 minute"},"schema":{"@context":"https:\/\/schema.org","@graph":[{"@type":"WebPage","@id":"https:\/\/www.technicoflor.fr\/en\/plan-du-site\/","url":"https:\/\/www.technicoflor.fr\/en\/plan-du-site\/","name":"Sitemap - Technicoflor","isPartOf":{"@id":"https:\/\/www.technicoflor.fr\/#website"},"datePublished":"2021-04-01T14:00:18+00:00","dateModified":"2021-04-27T14:25:26+00:00","breadcrumb":{"@id":"https:\/\/www.technicoflor.fr\/en\/plan-du-site\/#breadcrumb"},"inLanguage":"en","potentialAction":[{"@type":"ReadAction","target":["https:\/\/www.technicoflor.fr\/en\/plan-du-site\/"]}]},{"@type":"BreadcrumbList","@id":"https:\/\/www.technicoflor.fr\/en\/plan-du-site\/#breadcrumb","itemListElement":[{"@type":"ListItem","position":1,"name":"Accueil","item":"https:\/\/www.technicoflor.fr\/en\/"},{"@type":"ListItem","position":2,"name":"Sitemap"}]},{"@type":"WebSite","@id":"https:\/\/www.technicoflor.fr\/#website","url":"https:\/\/www.technicoflor.fr\/","name":"Technicoflor","description":"Creating fragrances for our world","publisher":{"@id":"https:\/\/www.technicoflor.fr\/#organization"},"potentialAction":[{"@type":"SearchAction","target":{"@type":"EntryPoint","urlTemplate":"https:\/\/www.technicoflor.fr\/?s={search_term_string}"},"query-input":{"@type":"PropertyValueSpecification","valueRequired":true,"valueName":"search_term_string"}}],"inLanguage":"en"},{"@type":"Organization","@id":"https:\/\/www.technicoflor.fr\/#organization","name":"Technicoflor","url":"https:\/\/www.technicoflor.fr\/","logo":{"@type":"ImageObject","inLanguage":"en","@id":"https:\/\/www.technicoflor.fr\/#\/schema\/logo\/image\/","url":"http:\/\/www.technicoflor.fr\/app\/uploads\/2021\/04\/tecff.png","contentUrl":"http:\/\/www.technicoflor.fr\/app\/uploads\/2021\/04\/tecff.png","width":300,"height":100,"caption":"Technicoflor"},"image":{"@id":"https:\/\/www.technicoflor.fr\/#\/schema\/logo\/image\/"},"sameAs":["https:\/\/www.instagram.com\/technicoflor_fragrances\/","https:\/\/www.linkedin.com\/company\/technicoflor-parfums\/"]}]}},"_links":{"self":[{"href":"https:\/\/www.technicoflor.fr\/en\/wp-json\/wp\/v2\/pages\/372","targetHints":{"allow":["GET"]}}],"collection":[{"href":"https:\/\/www.technicoflor.fr\/en\/wp-json\/wp\/v2\/pages"}],"about":[{"href":"https:\/\/www.technicoflor.fr\/en\/wp-json\/wp\/v2\/types\/page"}],"author":[{"embeddable":true,"href":"https:\/\/www.technicoflor.fr\/en\/wp-json\/wp\/v2\/users\/1"}],"replies":[{"embeddable":true,"href":"https:\/\/www.technicoflor.fr\/en\/wp-json\/wp\/v2\/comments?post=372"}],"version-history":[{"count":1,"href":"https:\/\/www.technicoflor.fr\/en\/wp-json\/wp\/v2\/pages\/372\/revisions"}],"predecessor-version":[{"id":373,"href":"https:\/\/www.technicoflor.fr\/en\/wp-json\/wp\/v2\/pages\/372\/revisions\/373"}],"wp:attachment":[{"href":"https:\/\/www.technicoflor.fr\/en\/wp-json\/wp\/v2\/media?parent=372"}],"curies":[{"name":"wp","href":"https:\/\/api.w.org\/{rel}","templated":true}]}}